 {"id":1534,"date":"2018-11-22T08:19:30","date_gmt":"2018-11-22T11:19:30","guid":{"rendered":"https:\/\/manufacturer.stylemixthemes.com\/leather\/?page_id=1534"},"modified":"2024-03-28T13:21:49","modified_gmt":"2024-03-28T16:21:49","slug":"calidad","status":"publish","type":"page","link":"https:\/\/scobol.com\/index.php\/calidad\/","title":{"rendered":"CALIDAD"},"content":{"rendered":"\t\t<div data-elementor-type=\"wp-post\" data-elementor-id=\"1534\" class=\"elementor elementor-1534\">\n\t\t\t\t\t\t<section class=\"elementor-section elementor-top-section elementor-element elementor-element-4e13b27 elementor-section-boxed elementor-section-height-default elementor-section-height-default\" data-id=\"4e13b27\" data-element_type=\"section\">\n\t\t\t\t\t\t<div class=\"elementor-container elementor-column-gap-default\">\n\t\t\t\t\t<div class=\"elementor-column elementor-col-100 elementor-top-column elementor-element elementor-element-0c54361\" data-id=\"0c54361\" data-element_type=\"column\">\n\t\t\t<div class=\"elementor-widget-wrap elementor-element-populated\">\n\t\t\t\t\t\t<div class=\"elementor-element elementor-element-f51497a elementor-widget elementor-widget-heading\" data-id=\"f51497a\" data-element_type=\"widget\" data-widget_type=\"heading.default\">\n\t\t\t\t<div class=\"elementor-widget-container\">\n\t\t\t<style>\/*! elementor - v3.21.0 - 22-05-2024 *\/\n.elementor-heading-title{padding:0;margin:0;line-height:1}.elementor-widget-heading .elementor-heading-title[class*=elementor-size-]>a{color:inherit;font-size:inherit;line-height:inherit}.elementor-widget-heading .elementor-heading-title.elementor-size-small{font-size:15px}.elementor-widget-heading .elementor-heading-title.elementor-size-medium{font-size:19px}.elementor-widget-heading .elementor-heading-title.elementor-size-large{font-size:29px}.elementor-widget-heading .elementor-heading-title.elementor-size-xl{font-size:39px}.elementor-widget-heading .elementor-heading-title.elementor-size-xxl{font-size:59px}<\/style><h2 class=\"elementor-heading-title elementor-size-default elementor-heading-title elementor-align-after-center\">CALIDAD<br><\/h2>\t\t<\/div>\n\t\t\t\t<\/div>\n\t\t\t\t<div class=\"elementor-element elementor-element-5e464df elementor-widget elementor-widget-text-editor\" data-id=\"5e464df\" data-element_type=\"widget\" data-widget_type=\"text-editor.default\">\n\t\t\t\t<div class=\"elementor-widget-container\">\n\t\t\t<style>\/*! elementor - v3.21.0 - 22-05-2024 *\/\n.elementor-widget-text-editor.elementor-drop-cap-view-stacked .elementor-drop-cap{background-color:#69727d;color:#fff}.elementor-widget-text-editor.elementor-drop-cap-view-framed .elementor-drop-cap{color:#69727d;border:3px solid;background-color:transparent}.elementor-widget-text-editor:not(.elementor-drop-cap-view-default) .elementor-drop-cap{margin-top:8px}.elementor-widget-text-editor:not(.elementor-drop-cap-view-default) .elementor-drop-cap-letter{width:1em;height:1em}.elementor-widget-text-editor .elementor-drop-cap{float:left;text-align:center;line-height:1;font-size:50px}.elementor-widget-text-editor .elementor-drop-cap-letter{display:inline-block}<\/style>\t\t\t\t<p>En Scobol, nos comprometemos a ofrecer caf\u00e9 de la m\u00e1s alta calidad. Trabajamos directamente con los productores para garantizar que cada lote de caf\u00e9 cumpla con nuestros estrictos est\u00e1ndares de calidad. Nuestro equipo de expertos catadores eval\u00faa cada muestra para garantizar que solo los mejores granos lleguen a tu taza. Con Scobol, disfrutar\u00e1s de una experiencia de caf\u00e9 excepcional en cada sorbo.<\/p>\t\t\t\t\t\t<\/div>\n\t\t\t\t<\/div>\n\t\t\t\t\t<\/div>\n\t\t<\/div>\n\t\t\t\t\t<\/div>\n\t\t<\/section>\n\t\t\t\t<section class=\"elementor-section elementor-inner-section elementor-element elementor-element-bda9ffa elementor-section-boxed elementor-section-height-default elementor-section-height-default\" data-id=\"bda9ffa\" data-element_type=\"section\">\n\t\t\t\t\t\t<div class=\"elementor-container elementor-column-gap-default\">\n\t\t\t\t\t<div class=\"elementor-column elementor-col-33 elementor-inner-column elementor-element elementor-element-4df288b\" data-id=\"4df288b\" data-element_type=\"column\">\n\t\t\t<div class=\"elementor-widget-wrap elementor-element-populated\">\n\t\t\t\t\t\t<div class=\"elementor-element elementor-element-26a3688 elementor-widget elementor-widget-image\" data-id=\"26a3688\" data-element_type=\"widget\" data-widget_type=\"image.default\">\n\t\t\t\t<div class=\"elementor-widget-container\">\n\t\t\t<style>\/*! elementor - v3.21.0 - 22-05-2024 *\/\n.elementor-widget-image{text-align:center}.elementor-widget-image a{display:inline-block}.elementor-widget-image a img[src$=\".svg\"]{width:48px}.elementor-widget-image img{vertical-align:middle;display:inline-block}<\/style>\t\t\t\t\t\t\t\t\t\t<img decoding=\"async\" src=\"https:\/\/manufacturer.stylemixthemes.com\/leather\/wp-content\/uploads\/sites\/7\/2018\/08\/photo-1479219136056-56bb6495a005.jpeg\" title=\"\" alt=\"\" loading=\"lazy\" \/>\t\t\t\t\t\t\t\t\t\t\t\t\t<\/div>\n\t\t\t\t<\/div>\n\t\t\t\t\t<\/div>\n\t\t<\/div>\n\t\t\t\t<div class=\"elementor-column elementor-col-33 elementor-inner-column elementor-element elementor-element-252d062\" data-id=\"252d062\" data-element_type=\"column\">\n\t\t\t<div class=\"elementor-widget-wrap elementor-element-populated\">\n\t\t\t\t\t\t<div class=\"elementor-element elementor-element-b21eaef elementor-widget elementor-widget-image\" data-id=\"b21eaef\" data-element_type=\"widget\" data-widget_type=\"image.default\">\n\t\t\t\t<div class=\"elementor-widget-container\">\n\t\t\t\t\t\t\t\t\t\t\t\t\t<img decoding=\"async\" src=\"https:\/\/scobol.com\/wp-content\/uploads\/2018\/08\/photo-1523779105320-d1cd346ff52b.jpeg\" title=\"photo-1523779105320-d1cd346ff52b\" alt=\"photo-1523779105320-d1cd346ff52b\" loading=\"lazy\" \/>\t\t\t\t\t\t\t\t\t\t\t\t\t<\/div>\n\t\t\t\t<\/div>\n\t\t\t\t\t<\/div>\n\t\t<\/div>\n\t\t\t\t<div class=\"elementor-column elementor-col-33 elementor-inner-column elementor-element elementor-element-19a88dc\" data-id=\"19a88dc\" data-element_type=\"column\">\n\t\t\t<div class=\"elementor-widget-wrap elementor-element-populated\">\n\t\t\t\t\t\t<div class=\"elementor-element elementor-element-43c4e5a elementor-widget elementor-widget-image\" data-id=\"43c4e5a\" data-element_type=\"widget\" data-widget_type=\"image.default\">\n\t\t\t\t<div class=\"elementor-widget-container\">\n\t\t\t\t\t\t\t\t\t\t\t\t\t<img fetchpriority=\"high\" decoding=\"async\" width=\"940\" height=\"625\" src=\"https:\/\/scobol.com\/wp-content\/uploads\/2018\/08\/photo-1506152983158-b4a74a01c721-1024x681.jpeg\" class=\"attachment-large size-large wp-image-1511\" alt=\"\" srcset=\"https:\/\/scobol.com\/wp-content\/uploads\/2018\/08\/photo-1506152983158-b4a74a01c721-1024x681.jpeg 1024w, https:\/\/scobol.com\/wp-content\/uploads\/2018\/08\/photo-1506152983158-b4a74a01c721-150x100.jpeg 150w, https:\/\/scobol.com\/wp-content\/uploads\/2018\/08\/photo-1506152983158-b4a74a01c721-660x439.jpeg 660w, https:\/\/scobol.com\/wp-content\/uploads\/2018\/08\/photo-1506152983158-b4a74a01c721-300x199.jpeg 300w, https:\/\/scobol.com\/wp-content\/uploads\/2018\/08\/photo-1506152983158-b4a74a01c721-768x511.jpeg 768w, https:\/\/scobol.com\/wp-content\/uploads\/2018\/08\/photo-1506152983158-b4a74a01c721-285x190.jpeg 285w, https:\/\/scobol.com\/wp-content\/uploads\/2018\/08\/photo-1506152983158-b4a74a01c721.jpeg 1352w\" sizes=\"(max-width: 940px) 100vw, 940px\" \/>\t\t\t\t\t\t\t\t\t\t\t\t\t<\/div>\n\t\t\t\t<\/div>\n\t\t\t\t\t<\/div>\n\t\t<\/div>\n\t\t\t\t\t<\/div>\n\t\t<\/section>\n\t\t\t\t<section class=\"elementor-section elementor-top-section elementor-element elementor-element-ad51a9a elementor-section-content-middle elementor-section-boxed elementor-section-height-default elementor-section-height-default\" data-id=\"ad51a9a\" data-element_type=\"section\" data-settings=\"{&quot;background_background&quot;:&quot;classic&quot;}\">\n\t\t\t\t\t\t\t<div class=\"elementor-background-overlay\"><\/div>\n\t\t\t\t\t\t\t<div class=\"elementor-container elementor-column-gap-default\">\n\t\t\t\t\t<div class=\"elementor-column elementor-col-50 elementor-top-column elementor-element elementor-element-2d9acd7 elementor-invisible\" data-id=\"2d9acd7\" data-element_type=\"column\" data-settings=\"{&quot;animation&quot;:&quot;fadeIn&quot;}\">\n\t\t\t<div class=\"elementor-widget-wrap elementor-element-populated\">\n\t\t\t\t\t\t<div class=\"sm_display_inline elementor-element elementor-element-9354dd9 elementor-widget elementor-widget-heading\" data-id=\"9354dd9\" data-element_type=\"widget\" data-widget_type=\"heading.default\">\n\t\t\t\t<div class=\"elementor-widget-container\">\n\t\t\t<div class=\"elementor-heading-title elementor-size-default elementor-heading-title elementor-align-after-mobile-center\">CALL US ON +44 (0) 7788 778 78<\/div>\t\t<\/div>\n\t\t\t\t<\/div>\n\t\t\t\t\t<\/div>\n\t\t<\/div>\n\t\t\t\t<div class=\"elementor-column elementor-col-50 elementor-top-column elementor-element elementor-element-d486a8e elementor-invisible\" data-id=\"d486a8e\" data-element_type=\"column\" data-settings=\"{&quot;animation&quot;:&quot;fadeIn&quot;,&quot;animation_delay&quot;:200}\">\n\t\t\t<div class=\"elementor-widget-wrap elementor-element-populated\">\n\t\t\t\t\t\t<div class=\"elementor-element elementor-element-9a498ca elementor-widget elementor-widget-sm-default-button\" data-id=\"9a498ca\" data-element_type=\"widget\" data-widget_type=\"sm-default-button.default\">\n\t\t\t\t<div class=\"elementor-widget-container\">\n\t\t\t\n\t\t\t\t<a   href=\"https:\/\/scobol.com\/leather\/contacts\" class=\"btn  \">Get Started<i class=\"ti ti-arrow-right\"><\/i><\/a>\n\t\t\n\t\t\t<\/div>\n\t\t\t\t<\/div>\n\t\t\t\t\t<\/div>\n\t\t<\/div>\n\t\t\t\t\t<\/div>\n\t\t<\/section>\n\t\t\t\t<section class=\"elementor-section elementor-top-section elementor-element elementor-element-ea8799f elementor-section-boxed elementor-section-height-default elementor-section-height-default\" data-id=\"ea8799f\" data-element_type=\"section\">\n\t\t\t\t\t\t<div class=\"elementor-container elementor-column-gap-default\">\n\t\t\t\t\t<div class=\"elementor-column elementor-col-50 elementor-top-column elementor-element elementor-element-115971f elementor-invisible\" data-id=\"115971f\" data-element_type=\"column\" data-settings=\"{&quot;animation&quot;:&quot;fadeIn&quot;}\">\n\t\t\t<div class=\"elementor-widget-wrap elementor-element-populated\">\n\t\t\t\t\t\t<div class=\"elementor-element elementor-element-500a13f elementor-widget elementor-widget-heading\" data-id=\"500a13f\" data-element_type=\"widget\" data-widget_type=\"heading.default\">\n\t\t\t\t<div class=\"elementor-widget-container\">\n\t\t\t<h2 class=\"elementor-heading-title elementor-size-default elementor-heading-title\">Call Us or  Fill the \nForm<\/h2>\t\t<\/div>\n\t\t\t\t<\/div>\n\t\t\t\t<div class=\"elementor-element elementor-element-e5cdd8f elementor-widget elementor-widget-heading\" data-id=\"e5cdd8f\" data-element_type=\"widget\" data-widget_type=\"heading.default\">\n\t\t\t\t<div class=\"elementor-widget-container\">\n\t\t\t<span class=\"elementor-heading-title elementor-size-default elementor-heading-title\"><i class=\"ti-mobile\"><\/i><span><b>123-456-789<\/b><br>\nDon\u2019t hesitate to contact us<\/span><\/span>\t\t<\/div>\n\t\t\t\t<\/div>\n\t\t\t\t<div class=\"elementor-element elementor-element-b2702c4 elementor-widget elementor-widget-heading\" data-id=\"b2702c4\" data-element_type=\"widget\" data-widget_type=\"heading.default\">\n\t\t\t\t<div class=\"elementor-widget-container\">\n\t\t\t<span class=\"elementor-heading-title elementor-size-default elementor-heading-title\"><i class=\"ti-location-pin\"><\/i><span><b>Working Time<\/b><br>\nMon-Fri: 9:00 - 18:00 \/ Closed on weekends <\/span><\/span>\t\t<\/div>\n\t\t\t\t<\/div>\n\t\t\t\t\t<\/div>\n\t\t<\/div>\n\t\t\t\t<div class=\"elementor-column elementor-col-50 elementor-top-column elementor-element elementor-element-fc13d99 elementor-invisible\" data-id=\"fc13d99\" data-element_type=\"column\" data-settings=\"{&quot;animation&quot;:&quot;fadeIn&quot;,&quot;animation_delay&quot;:200}\">\n\t\t\t<div class=\"elementor-widget-wrap elementor-element-populated\">\n\t\t\t\t\t\t<div class=\"elementor-element elementor-element-6c3da3b elementor-widget elementor-widget-shortcode\" data-id=\"6c3da3b\" data-element_type=\"widget\" data-widget_type=\"shortcode.default\">\n\t\t\t\t<div class=\"elementor-widget-container\">\n\t\t\t\t\t<div class=\"elementor-shortcode\">\n<div class=\"wpcf7 no-js\" id=\"wpcf7-f1245-o1\" lang=\"en-US\" dir=\"ltr\">\n<div class=\"screen-reader-response\"><p role=\"status\" aria-live=\"polite\" aria-atomic=\"true\"><\/p> <ul><\/ul><\/div>\n<form action=\"\/index.php\/wp-json\/wp\/v2\/pages\/1534#wpcf7-f1245-o1\" method=\"post\" class=\"wpcf7-form init\" aria-label=\"Contact form\" novalidate=\"novalidate\" data-status=\"init\">\n<div style=\"display: none;\">\n<input type=\"hidden\" name=\"_wpcf7\" value=\"1245\" \/>\n<input type=\"hidden\" name=\"_wpcf7_version\" value=\"5.9.5\" \/>\n<input type=\"hidden\" name=\"_wpcf7_locale\" value=\"en_US\" \/>\n<input type=\"hidden\" name=\"_wpcf7_unit_tag\" value=\"wpcf7-f1245-o1\" \/>\n<input type=\"hidden\" name=\"_wpcf7_container_post\" value=\"0\" \/>\n<input type=\"hidden\" name=\"_wpcf7_posted_data_hash\" value=\"\" \/>\n<\/div>\n<div class=\"row\">\n\t<div class=\"col-md-6\">\n\t\t<p><span class=\"wpcf7-form-control-wrap\" data-name=\"text-742\"><input size=\"40\" class=\"wpcf7-form-control wpcf7-text wpcf7-validates-as-required\" aria-required=\"true\" aria-invalid=\"false\" placeholder=\"Full Name\" value=\"\" type=\"text\" name=\"text-742\" \/><\/span>\n\t\t<\/p>\n\t<\/div>\n\t<div class=\"col-md-6\">\n\t\t<p><span class=\"wpcf7-form-control-wrap\" data-name=\"text-574\"><input size=\"40\" class=\"wpcf7-form-control wpcf7-text wpcf7-validates-as-required\" aria-required=\"true\" aria-invalid=\"false\" placeholder=\"Company\" value=\"\" type=\"text\" name=\"text-574\" \/><\/span>\n\t\t<\/p>\n\t<\/div>\n<\/div>\n<div class=\"row\">\n\t<div class=\"col-md-6\">\n\t\t<p><span class=\"wpcf7-form-control-wrap\" data-name=\"email-312\"><input size=\"40\" class=\"wpcf7-form-control wpcf7-email wpcf7-validates-as-required wpcf7-text wpcf7-validates-as-email\" aria-required=\"true\" aria-invalid=\"false\" placeholder=\"E-mail Address\" value=\"\" type=\"email\" name=\"email-312\" \/><\/span>\n\t\t<\/p>\n\t<\/div>\n\t<div class=\"col-md-6\">\n\t\t<p><span class=\"wpcf7-form-control-wrap\" data-name=\"tel-849\"><input size=\"40\" class=\"wpcf7-form-control wpcf7-tel wpcf7-validates-as-required wpcf7-text wpcf7-validates-as-tel\" aria-required=\"true\" aria-invalid=\"false\" placeholder=\"Phone\" value=\"\" type=\"tel\" name=\"tel-849\" \/><\/span>\n\t\t<\/p>\n\t<\/div>\n<\/div>\n<div class=\"row\">\n\t<div class=\"col-md-12\">\n\t\t<p><span class=\"wpcf7-form-control-wrap\" data-name=\"textarea-854\"><textarea cols=\"40\" rows=\"10\" class=\"wpcf7-form-control wpcf7-textarea wpcf7-validates-as-required\" aria-required=\"true\" aria-invalid=\"false\" placeholder=\"How can we help?\" name=\"textarea-854\"><\/textarea><\/span>\n\t\t<\/p>\n\t<\/div>\n<\/div>\n<p><input class=\"wpcf7-form-control wpcf7-submit has-spinner\" type=\"submit\" value=\"Submit\" \/>\n<\/p><div class=\"wpcf7-response-output\" aria-hidden=\"true\"><\/div>\n<\/form>\n<\/div>\n<\/div>\n\t\t\t\t<\/div>\n\t\t\t\t<\/div>\n\t\t\t\t\t<\/div>\n\t\t<\/div>\n\t\t\t\t\t<\/div>\n\t\t<\/section>\n\t\t\t\t<\/div>\n\t\t","protected":false},"excerpt":{"rendered":"<p>CALIDAD En Scobol, nos comprometemos a ofrecer caf\u00e9 de la m\u00e1s alta calidad. Trabajamos directamente con los productores&#8230;<\/p>\n","protected":false},"author":1,"featured_media":0,"parent":0,"menu_order":0,"comment_status":"closed","ping_status":"closed","template":"elementor_header_footer","meta":{"footnotes":""},"yoast_head":"<!-- This site is optimized with the Yoast SEO plugin v22.3 - https:\/\/yoast.com\/wordpress\/plugins\/seo\/ -->\n<title>CALIDAD - scobol.com<\/title>\n<meta name=\"robots\" content=\"index, follow, max-snippet:-1, max-image-preview:large, max-video-preview:-1\" \/>\n<link rel=\"canonical\" href=\"https:\/\/scobol.com\/index.php\/calidad\/\" \/>\n<meta property=\"og:locale\" content=\"en_US\" \/>\n<meta property=\"og:type\" content=\"article\" \/>\n<meta property=\"og:title\" content=\"CALIDAD - scobol.com\" \/>\n<meta property=\"og:description\" content=\"CALIDAD En Scobol, nos comprometemos a ofrecer caf\u00e9 de la m\u00e1s alta calidad. Trabajamos directamente con los productores...\" \/>\n<meta property=\"og:url\" content=\"https:\/\/scobol.com\/index.php\/calidad\/\" \/>\n<meta property=\"og:site_name\" content=\"scobol.com\" \/>\n<meta property=\"article:modified_time\" content=\"2024-03-28T16:21:49+00:00\" \/>\n<meta property=\"og:image\" content=\"https:\/\/manufacturer.stylemixthemes.com\/leather\/wp-content\/uploads\/sites\/7\/2018\/08\/photo-1479219136056-56bb6495a005.jpeg\" \/>\n<meta name=\"twitter:card\" content=\"summary_large_image\" \/>\n<script type=\"application\/ld+json\" class=\"yoast-schema-graph\">{\"@context\":\"https:\/\/schema.org\",\"@graph\":[{\"@type\":\"WebPage\",\"@id\":\"https:\/\/scobol.com\/index.php\/calidad\/\",\"url\":\"https:\/\/scobol.com\/index.php\/calidad\/\",\"name\":\"CALIDAD - scobol.com\",\"isPartOf\":{\"@id\":\"https:\/\/scobol.com\/#website\"},\"primaryImageOfPage\":{\"@id\":\"https:\/\/scobol.com\/index.php\/calidad\/#primaryimage\"},\"image\":{\"@id\":\"https:\/\/scobol.com\/index.php\/calidad\/#primaryimage\"},\"thumbnailUrl\":\"https:\/\/manufacturer.stylemixthemes.com\/leather\/wp-content\/uploads\/sites\/7\/2018\/08\/photo-1479219136056-56bb6495a005.jpeg\",\"datePublished\":\"2018-11-22T11:19:30+00:00\",\"dateModified\":\"2024-03-28T16:21:49+00:00\",\"breadcrumb\":{\"@id\":\"https:\/\/scobol.com\/index.php\/calidad\/#breadcrumb\"},\"inLanguage\":\"en-US\",\"potentialAction\":[{\"@type\":\"ReadAction\",\"target\":[\"https:\/\/scobol.com\/index.php\/calidad\/\"]}]},{\"@type\":\"ImageObject\",\"inLanguage\":\"en-US\",\"@id\":\"https:\/\/scobol.com\/index.php\/calidad\/#primaryimage\",\"url\":\"https:\/\/manufacturer.stylemixthemes.com\/leather\/wp-content\/uploads\/sites\/7\/2018\/08\/photo-1479219136056-56bb6495a005.jpeg\",\"contentUrl\":\"https:\/\/manufacturer.stylemixthemes.com\/leather\/wp-content\/uploads\/sites\/7\/2018\/08\/photo-1479219136056-56bb6495a005.jpeg\"},{\"@type\":\"BreadcrumbList\",\"@id\":\"https:\/\/scobol.com\/index.php\/calidad\/#breadcrumb\",\"itemListElement\":[{\"@type\":\"ListItem\",\"position\":1,\"name\":\"Home\",\"item\":\"https:\/\/scobol.com\/\"},{\"@type\":\"ListItem\",\"position\":2,\"name\":\"CALIDAD\"}]},{\"@type\":\"WebSite\",\"@id\":\"https:\/\/scobol.com\/#website\",\"url\":\"https:\/\/scobol.com\/\",\"name\":\"scobol.com\",\"description\":\"\",\"publisher\":{\"@id\":\"https:\/\/scobol.com\/#organization\"},\"alternateName\":\"scobol\",\"potentialAction\":[{\"@type\":\"SearchAction\",\"target\":{\"@type\":\"EntryPoint\",\"urlTemplate\":\"https:\/\/scobol.com\/?s={search_term_string}\"},\"query-input\":\"required name=search_term_string\"}],\"inLanguage\":\"en-US\"},{\"@type\":\"Organization\",\"@id\":\"https:\/\/scobol.com\/#organization\",\"name\":\"scobol\",\"url\":\"https:\/\/scobol.com\/\",\"logo\":{\"@type\":\"ImageObject\",\"inLanguage\":\"en-US\",\"@id\":\"https:\/\/scobol.com\/#\/schema\/logo\/image\/\",\"url\":\"https:\/\/scobol.com\/wp-content\/uploads\/2018\/07\/Logo-Scobol-blanco-RAV_-04.png\",\"contentUrl\":\"https:\/\/scobol.com\/wp-content\/uploads\/2018\/07\/Logo-Scobol-blanco-RAV_-04.png\",\"width\":2865,\"height\":1249,\"caption\":\"scobol\"},\"image\":{\"@id\":\"https:\/\/scobol.com\/#\/schema\/logo\/image\/\"}}]}<\/script>\n<!-- \/ Yoast SEO plugin. -->","yoast_head_json":{"title":"CALIDAD - scobol.com","robots":{"index":"index","follow":"follow","max-snippet":"max-snippet:-1","max-image-preview":"max-image-preview:large","max-video-preview":"max-video-preview:-1"},"canonical":"https:\/\/scobol.com\/index.php\/calidad\/","og_locale":"en_US","og_type":"article","og_title":"CALIDAD - scobol.com","og_description":"CALIDAD En Scobol, nos comprometemos a ofrecer caf\u00e9 de la m\u00e1s alta calidad. Trabajamos directamente con los productores...","og_url":"https:\/\/scobol.com\/index.php\/calidad\/","og_site_name":"scobol.com","article_modified_time":"2024-03-28T16:21:49+00:00","og_image":[{"url":"https:\/\/manufacturer.stylemixthemes.com\/leather\/wp-content\/uploads\/sites\/7\/2018\/08\/photo-1479219136056-56bb6495a005.jpeg"}],"twitter_card":"summary_large_image","schema":{"@context":"https:\/\/schema.org","@graph":[{"@type":"WebPage","@id":"https:\/\/scobol.com\/index.php\/calidad\/","url":"https:\/\/scobol.com\/index.php\/calidad\/","name":"CALIDAD - scobol.com","isPartOf":{"@id":"https:\/\/scobol.com\/#website"},"primaryImageOfPage":{"@id":"https:\/\/scobol.com\/index.php\/calidad\/#primaryimage"},"image":{"@id":"https:\/\/scobol.com\/index.php\/calidad\/#primaryimage"},"thumbnailUrl":"https:\/\/manufacturer.stylemixthemes.com\/leather\/wp-content\/uploads\/sites\/7\/2018\/08\/photo-1479219136056-56bb6495a005.jpeg","datePublished":"2018-11-22T11:19:30+00:00","dateModified":"2024-03-28T16:21:49+00:00","breadcrumb":{"@id":"https:\/\/scobol.com\/index.php\/calidad\/#breadcrumb"},"inLanguage":"en-US","potentialAction":[{"@type":"ReadAction","target":["https:\/\/scobol.com\/index.php\/calidad\/"]}]},{"@type":"ImageObject","inLanguage":"en-US","@id":"https:\/\/scobol.com\/index.php\/calidad\/#primaryimage","url":"https:\/\/manufacturer.stylemixthemes.com\/leather\/wp-content\/uploads\/sites\/7\/2018\/08\/photo-1479219136056-56bb6495a005.jpeg","contentUrl":"https:\/\/manufacturer.stylemixthemes.com\/leather\/wp-content\/uploads\/sites\/7\/2018\/08\/photo-1479219136056-56bb6495a005.jpeg"},{"@type":"BreadcrumbList","@id":"https:\/\/scobol.com\/index.php\/calidad\/#breadcrumb","itemListElement":[{"@type":"ListItem","position":1,"name":"Home","item":"https:\/\/scobol.com\/"},{"@type":"ListItem","position":2,"name":"CALIDAD"}]},{"@type":"WebSite","@id":"https:\/\/scobol.com\/#website","url":"https:\/\/scobol.com\/","name":"scobol.com","description":"","publisher":{"@id":"https:\/\/scobol.com\/#organization"},"alternateName":"scobol","potentialAction":[{"@type":"SearchAction","target":{"@type":"EntryPoint","urlTemplate":"https:\/\/scobol.com\/?s={search_term_string}"},"query-input":"required name=search_term_string"}],"inLanguage":"en-US"},{"@type":"Organization","@id":"https:\/\/scobol.com\/#organization","name":"scobol","url":"https:\/\/scobol.com\/","logo":{"@type":"ImageObject","inLanguage":"en-US","@id":"https:\/\/scobol.com\/#\/schema\/logo\/image\/","url":"https:\/\/scobol.com\/wp-content\/uploads\/2018\/07\/Logo-Scobol-blanco-RAV_-04.png","contentUrl":"https:\/\/scobol.com\/wp-content\/uploads\/2018\/07\/Logo-Scobol-blanco-RAV_-04.png","width":2865,"height":1249,"caption":"scobol"},"image":{"@id":"https:\/\/scobol.com\/#\/schema\/logo\/image\/"}}]}},"_links":{"self":[{"href":"https:\/\/scobol.com\/index.php\/wp-json\/wp\/v2\/pages\/1534"}],"collection":[{"href":"https:\/\/scobol.com\/index.php\/wp-json\/wp\/v2\/pages"}],"about":[{"href":"https:\/\/scobol.com\/index.php\/wp-json\/wp\/v2\/types\/page"}],"author":[{"embeddable":true,"href":"https:\/\/scobol.com\/index.php\/wp-json\/wp\/v2\/users\/1"}],"replies":[{"embeddable":true,"href":"https:\/\/scobol.com\/index.php\/wp-json\/wp\/v2\/comments?post=1534"}],"version-history":[{"count":4,"href":"https:\/\/scobol.com\/index.php\/wp-json\/wp\/v2\/pages\/1534\/revisions"}],"predecessor-version":[{"id":2778,"href":"https:\/\/scobol.com\/index.php\/wp-json\/wp\/v2\/pages\/1534\/revisions\/2778"}],"wp:attachment":[{"href":"https:\/\/scobol.com\/index.php\/wp-json\/wp\/v2\/media?parent=1534"}],"curies":[{"name":"wp","href":"https:\/\/api.w.org\/{rel}","templated":true}]}}